{"id":239,"date":"2025-03-17T13:48:25","date_gmt":"2025-03-17T13:48:25","guid":{"rendered":"https:\/\/krakowcelticfestival.pl\/po-polsku\/?page_id=239"},"modified":"2026-03-12T01:35:57","modified_gmt":"2026-03-12T01:35:57","slug":"donate","status":"publish","type":"page","link":"https:\/\/krakowcelticfestival.pl\/po-polsku\/donate\/","title":{"rendered":"Buduj z nami celtyck\u0105 spo\u0142eczno\u015b\u0107"},"content":{"rendered":"\n<p><strong>Wesprzyj festiwal<\/strong><\/p>\n\n\n\n<p>Sprowadzenie magii muzyki i kultury celtyckiej do Krakowa to nie lada wyzwanie dla ca\u0142ej wsp\u00f3lnoty \u2013 a Twoje wsparcie sprawia, \u017ce jest to mo\u017cliwe! Uruchomili\u015bmy <a href=\"https:\/\/zrzutka.pl\/ywg2cm\">kampani\u0119 crowdfundingow\u0105 na Zrzutce<\/a>, aby pom\u00f3c sfinansowa\u0107 tegoroczny festiwal i oferujemy specjalne upominki dla naszych najbardziej hojnych wspieraj\u0105cych.<\/p>\n\n\n\n<div class=\"wp-block-buttons is-content-justification-center is-layout-flex wp-container-core-buttons-is-layout-a89b3969 wp-block-buttons-is-layout-flex\">\n<div class=\"wp-block-button\"><a class=\"wp-block-button__link wp-element-button\" href=\"https:\/\/zrzutka.pl\/ytutew\">PRZEKA\u017b DAROWIZN\u0118 TUTAJ<\/a><\/div>\n<\/div>\n\n\n\n<p><strong>300 z\u0142 &#8211; Celtycka Uczta<\/strong><\/p>\n\n\n\n<p>Do\u0142\u0105cz do nas na ekskluzywnym festiwalowym pre-party, zarezerwowanym dla organizator\u00f3w i patron\u00f3w! Ciesz si\u0119 wyj\u0105tkowym wieczorem z muzyk\u0105, ta\u0144cem i dobrym towarzystwem \u2013 prawdziwym celtyckim \u015bwi\u0119tem przed rozpocz\u0119ciem g\u0142\u00f3wnego wydarzenia.<\/p>\n\n\n\n<p><strong>500 z\u0142 &#8211; Prywatna lekcja tin whistle<\/strong><\/p>\n\n\n\n<p>Zapraszamy na prywatn\u0105 lekcj\u0119 gry na flecie tin whistle, sztandarowym produkcie marki Goldfinch Whistles. To \u015bwietna okazja do poznania si\u0119, wsp\u00f3lnej nauki i gry z jednym z najlepszych muzyk\u00f3w tradycyjnych w kraju.<\/p>\n\n\n\n<p><strong>1500 z\u0142 &#8211; Twoja w\u0142asna kompozycja na dudy<\/strong><\/p>\n\n\n\n<p>Legendarny szkocki dudziarz i kompozytor Lindsay Davidson napisze oryginaln\u0105 melodi\u0119 specjalnie dla Ciebie. To prawdziwie wyj\u0105tkowy prezent \u2013 Twoje imi\u0119 uwiecznione w kawa\u0142ku celtyckiego dziedzictwa muzycznego.<\/p>\n\n\n\n<p>Wspieraj przez <a href=\"https:\/\/zrzutka.pl\/ytutew\">Zrzutka.pl<\/a><\/p>\n\n\n\n<p>Dla os\u00f3b wspieraj\u0105cych spoza Polski oraz dla chc\u0105cych u\u017cy\u0107 waluty innej ni\u017c Polski Z\u0142oty &#8211; zach\u0119camy do do\u0142\u0105czenia do naszej zbi\u00f3rki w serwisie <a href=\"http:\/\/www.whydonate.com\">whydonate.com<\/a><\/p>\n\n\n\n<p><\/p>\n","protected":false},"excerpt":{"rendered":"<p>Wesprzyj festiwal Sprowadzenie magii muzyki i kultury celtyckiej do Krakowa to nie lada wyzwanie dla ca\u0142ej wsp\u00f3lnoty \u2013 a Twoje wsparcie sprawia, \u017ce jest to mo\u017cliwe! Uruchomili\u015bmy kampani\u0119 crowdfundingow\u0105 na Zrzutce, aby pom\u00f3c sfinansowa\u0107 tegoroczny festiwal i oferujemy specjalne upominki dla naszych najbardziej hojnych wspieraj\u0105cych. 300 z\u0142 &#8211; Celtycka Uczta Do\u0142\u0105cz do nas na ekskluzywnym [&hellip;]<\/p>\n","protected":false},"author":1,"featured_media":0,"parent":0,"menu_order":0,"comment_status":"closed","ping_status":"closed","template":"przekaz-darowizne","meta":{"footnotes":""},"class_list":["post-239","page","type-page","status-publish","hentry"],"_links":{"self":[{"href":"https:\/\/krakowcelticfestival.pl\/po-polsku\/wp-json\/wp\/v2\/pages\/239","targetHints":{"allow":["GET"]}}],"collection":[{"href":"https:\/\/krakowcelticfestival.pl\/po-polsku\/wp-json\/wp\/v2\/pages"}],"about":[{"href":"https:\/\/krakowcelticfestival.pl\/po-polsku\/wp-json\/wp\/v2\/types\/page"}],"author":[{"embeddable":true,"href":"https:\/\/krakowcelticfestival.pl\/po-polsku\/wp-json\/wp\/v2\/users\/1"}],"replies":[{"embeddable":true,"href":"https:\/\/krakowcelticfestival.pl\/po-polsku\/wp-json\/wp\/v2\/comments?post=239"}],"version-history":[{"count":13,"href":"https:\/\/krakowcelticfestival.pl\/po-polsku\/wp-json\/wp\/v2\/pages\/239\/revisions"}],"predecessor-version":[{"id":609,"href":"https:\/\/krakowcelticfestival.pl\/po-polsku\/wp-json\/wp\/v2\/pages\/239\/revisions\/609"}],"wp:attachment":[{"href":"https:\/\/krakowcelticfestival.pl\/po-polsku\/wp-json\/wp\/v2\/media?parent=239"}],"curies":[{"name":"wp","href":"https:\/\/api.w.org\/{rel}","templated":true}]}}